{"id":14304,"date":"2014-03-27T16:56:43","date_gmt":"2014-03-27T14:56:43","guid":{"rendered":"http:\/\/demo.qodeinteractive.com\/bridge\/?page_id=14304"},"modified":"2023-09-01T07:09:35","modified_gmt":"2023-09-01T05:09:35","slug":"home-4","status":"publish","type":"page","link":"https:\/\/nordseehof.de\/","title":{"rendered":"Ferienhof Gerdes"},"content":{"rendered":"<p>[vc_row row_type=&#8220;row&#8220; use_row_as_full_screen_section=&#8220;no&#8220; type=&#8220;grid&#8220; angled_section=&#8220;no&#8220; text_align=&#8220;left&#8220; background_image_as_pattern=&#8220;without_pattern&#8220; padding_top=&#8220;87&#8243; padding_bottom=&#8220;95&#8243; css=&#8220;.vc_custom_1693544892893{margin-right: 50px !important;margin-left: 50px !important;}&#8220;][vc_column width=&#8220;7\/12&#8243;][vc_empty_space height=&#8220;15px&#8220;][vc_empty_space height=&#8220;15px&#8220;][vc_row_inner row_type=&#8220;row&#8220; type=&#8220;full_width&#8220; text_align=&#8220;left&#8220; css_animation=&#8220;&#8220; css=&#8220;.vc_custom_1693544860150{margin-right: 50px !important;margin-left: 50px !important;}&#8220;][vc_column_inner][vc_column_text]<\/p>\n<h2 style=\"text-align: center;\">Famili\u00e4rer, kinderfreundlicher Nordsee Urlaub in Wangerland<\/h2>\n<p>[\/vc_column_text][vc_empty_space height=&#8220;15px&#8220;][vc_empty_space height=&#8220;15px&#8220;][vc_column_text]<\/p>\n<p style=\"text-align: center;\">[dsgvo-youtube url=&#8220;https:\/\/youtu.be\/jjvTbxUzGV4&#8243; images=&#8220;http:\/\/nordseehof.de\/wp-content\/uploads\/2023\/01\/hof.jpg&#8220;][\/dsgvo-youtube]<\/p>\n<p>[\/vc_column_text][\/vc_column_inner][\/vc_row_inner][vc_empty_space height=&#8220;15px&#8220;][vc_empty_space height=&#8220;15px&#8220;][vc_column_text css=&#8220;.vc_custom_1693544907612{margin-right: 50px !important;margin-left: 50px !important;}&#8220;]<\/p>\n<p style=\"margin: 0cm; margin-bottom: .0001pt;\">In der n\u00e4heren Umgebung finden Sie nat\u00fcrlich den\u00a0<strong><span style=\"font-family: 'Calibri',sans-serif;\">Nordseestrand<\/span><\/strong>, sie k\u00f6nnen\u00a0<strong><span style=\"font-family: 'Calibri',sans-serif;\">Schifffahrten<\/span><\/strong>\u00a0mit Ihren Kindern zu den\u00a0<strong><span style=\"font-family: 'Calibri',sans-serif;\">Seehundb\u00e4nken<\/span><\/strong>\u00a0oder zu den\u00a0<strong><span style=\"font-family: 'Calibri',sans-serif;\">ostfriesischen Inseln\u00a0unternehmen<\/span><\/strong>.<\/p>\n<p style=\"margin: 0cm; margin-bottom: .0001pt;\">Angeln und Tretbootfahren sind ebenso m\u00f6glich wie\u00a0<strong><span style=\"font-family: 'Calibri',sans-serif;\">Fahrradtouren<\/span><\/strong>. Dabei k\u00f6nnen Sie Fahrr\u00e4der ganz in der N\u00e4he leihen und zum Hof bringen lassen. Bei gutem Wetter ist an der\u00a0<strong><span style=\"font-family: 'Calibri',sans-serif;\">Wasserskianlage\u00a0Hooksiel <\/span><\/strong>viel los.<\/p>\n<p style=\"margin: 0cm; margin-bottom: .0001pt;\">Bei schlechten Wetter bieten <strong><span style=\"font-family: 'Calibri',sans-serif;\">in Indoorspielhallen in<\/span><\/strong> <strong><span style=\"font-family: 'Calibri',sans-serif;\">Esens, Horumersiel und Wilhelmshaven f\u00fcr jeden etwas<\/span><\/strong>.<\/p>\n<p style=\"margin: 0cm; margin-bottom: .0001pt;\">Schwimmb\u00e4der wie das \u00a0<strong><span style=\"font-family: 'Calibri',sans-serif;\">Meerwasser-Wellenbad Hooksiel , oder etwa das Nautimo in Wilhelmshaven runden das Angebot ab.<\/span><\/strong><\/p>\n<p style=\"margin: 0cm; margin-bottom: .0001pt;\">In Wilhelmshaven attraktiv sind dar\u00fcber hinaus das Aquarium, das Wattenmeerhaus und das Marinemuseum<strong><span style=\"font-family: 'Calibri',sans-serif;\">.<\/span><\/strong><\/p>\n<p style=\"margin: 0cm; margin-bottom: .0001pt;\">Einmal w\u00f6chentlich bieten wir(\u00a0 bei gutem Wetter ) abends einen gem\u00fctlichen Grill- und Lagerfeuerabend an. W\u00e4hrend die Erwachsenen schlemmen, k\u00f6nnen die Kinder sich dann beim Stockbrotgrillen vergn\u00fcgen.<\/p>\n<p style=\"margin: 0cm; margin-bottom: .0001pt;\"><strong><span style=\"font-family: 'Calibri',sans-serif;\">\u00a0<\/span><\/strong><\/p>\n<p style=\"margin: 0cm; margin-bottom: .0001pt;\"><strong><span style=\"font-family: 'Calibri',sans-serif;\">Um unseren Hof herum befinden sich diverse Sitzm\u00f6glichkeiten und Ruhebereiche. Hinter dem Haus haben wir einen gro\u00dfen Sandspielplatz, der sich bei Kindern gro\u00dfer Beliebtheit erfreut.<\/span><\/strong><\/p>\n<p>[\/vc_column_text][\/vc_column][vc_column width=&#8220;5\/12&#8243;][vc_column_text css=&#8220;.vc_custom_1672752256215{background-color: #efefef !important;}&#8220;]<a href=\"http:\/\/nordseehof.de\/wp-content\/uploads\/2018\/03\/Gerdes_logo.png\"><img loading=\"lazy\" decoding=\"async\" class=\"aligncenter wp-image-16579 size-medium\" src=\"http:\/\/nordseehof.de\/wp-content\/uploads\/2018\/03\/Gerdes_logo-300x109.png\" alt=\"\" width=\"300\" height=\"109\" srcset=\"https:\/\/nordseehof.de\/wp-content\/uploads\/2018\/03\/Gerdes_logo-300x109.png 300w, https:\/\/nordseehof.de\/wp-content\/uploads\/2018\/03\/Gerdes_logo.png 305w\" sizes=\"auto, (max-width: 300px) 100vw, 300px\" \/><\/a><\/p>\n<p>&nbsp;<\/p>\n<p>Wir sind ein kinderfreundlicher Ferienhof in Nordseen\u00e4he, direkt zwischen den K\u00fcstenbadeorten Hooksiel und Horumersiel gelegen.<\/p>\n<p>Wie bieten einen entspannten und erholsamen Familienurlaub in ruhiger Alleinlage und dennoch zentral gelegen zwischen den K\u00fcstenbadeorten Hooksiel und Horumersiel an. Beide Orte sind in ca 5 km Entfernung zu erreichen und bieten div. Einkaufs- \/ und Gastroniem\u00f6glichkeiten.<\/p>\n<p>Hier k\u00f6nnen sie Ihre Kinder frei laufen lassen ohne Angst vor vielbefahrenen Stra\u00dfen und nervigem Autoverkehr und sich dabei selbst gut erholen.<\/p>\n<p>&nbsp;<\/p>\n<p><strong>So kommen Sie zu uns!<\/strong><\/p>\n<p>Gro\u00df-Popkenhausen finden Sie ganz einfach. Auf unserer <a title=\"Anfahrt\" href=\"http:\/\/nordseehof.de\/?page_id=14918\">Anfahrts-Seite<\/a> finde Sie eine genaue Anfahrtsbeschreibung.<\/p>\n<p>&nbsp;<\/p>\n<p><strong>Reservieren<\/strong><\/p>\n<p>Da unsere Nordsee Ferienwohnungen sehr beliebt sind, reservieren Sie bitte rechtzeitig.\u00a0 Schreiben Sie uns eine E-Mail oder Sie rufen uns einfach an.<\/p>\n<p>&nbsp;<\/p>\n<p><strong>Tel.: 04425-1618<\/strong><br \/>\n<strong> E-Mail: nordseehof@t-online.de<\/strong>[\/vc_column_text][\/vc_column][\/vc_row][vc_row row_type=&#8220;row&#8220; use_row_as_full_screen_section=&#8220;no&#8220; type=&#8220;full_width&#8220; angled_section=&#8220;no&#8220; text_align=&#8220;left&#8220; background_image_as_pattern=&#8220;without_pattern&#8220;][vc_column][vc_empty_space height=&#8220;50px&#8220;][\/vc_column][\/vc_row][vc_row row_type=&#8220;row&#8220; use_row_as_full_screen_section=&#8220;no&#8220; type=&#8220;full_width&#8220; angled_section=&#8220;no&#8220; text_align=&#8220;left&#8220; background_image_as_pattern=&#8220;without_pattern&#8220; css=&#8220;.vc_custom_1693544834188{margin-right: 50px !important;margin-left: 50px !important;}&#8220;][vc_column width=&#8220;1\/3&#8243;][vc_column_text]<div class='q_icon_with_title large normal_icon center '><div class=\"icon_holder q_icon_animation\" style=\" \"><span data-icon-type=\"normal\" class=\"qode_iwt_icon_holder q_font_awsome_icon fa-4x  \"><i class=\"qode_icon_font_awesome fa fa-child qode_iwt_icon_element\"><\/i><\/span><\/div><div class=\"icon_text_holder\" style=\"\"><div class=\"icon_text_inner\" style=\"\"><h5 class=\"icon_title\" style=\"\">Kinderfreundlich<\/h5><p style=''><\/p><\/div><\/div><\/div>[\/vc_column_text][\/vc_column][vc_column width=&#8220;1\/3&#8243;][vc_column_text]<div class='q_icon_with_title large normal_icon center '><div class=\"icon_holder q_icon_animation\" style=\" \"><span data-icon-type=\"normal\" class=\"qode_iwt_icon_holder q_font_awsome_icon fa-4x  \"><i class=\"qode_icon_font_awesome fa fa-home qode_iwt_icon_element\"><\/i><\/span><\/div><div class=\"icon_text_holder\" style=\"\"><div class=\"icon_text_inner\" style=\"\"><h5 class=\"icon_title\" style=\"\">Famili\u00e4r<\/h5><p style=''><\/p><\/div><\/div><\/div>[\/vc_column_text][\/vc_column][vc_column width=&#8220;1\/3&#8243;][vc_column_text]<div class='q_icon_with_title large normal_icon center '><div class=\"icon_holder \" style=\" \"><span data-icon-type=\"normal\" class=\"qode_iwt_icon_holder q_font_awsome_icon fa-4x  \"><i class=\"qode_icon_font_awesome fa fa-money qode_iwt_icon_element\"><\/i><\/span><\/div><div class=\"icon_text_holder\" style=\"\"><div class=\"icon_text_inner\" style=\"\"><h5 class=\"icon_title\" style=\"\">Kosteng\u00fcnstig<\/h5><p style=''><\/p><\/div><\/div><\/div>[\/vc_column_text][\/vc_column][\/vc_row][vc_row row_type=&#8220;row&#8220; use_row_as_full_screen_section=&#8220;no&#8220; type=&#8220;full_width&#8220; angled_section=&#8220;no&#8220; text_align=&#8220;left&#8220; background_image_as_pattern=&#8220;without_pattern&#8220;][vc_column][\/vc_column][\/vc_row][vc_row row_type=&#8220;row&#8220; use_row_as_full_screen_section=&#8220;no&#8220; type=&#8220;full_width&#8220; angled_section=&#8220;no&#8220; text_align=&#8220;left&#8220; background_image_as_pattern=&#8220;without_pattern&#8220;][vc_column][\/vc_column][\/vc_row][vc_row row_type=&#8220;row&#8220; use_row_as_full_screen_section=&#8220;no&#8220; type=&#8220;full_width&#8220; angled_section=&#8220;no&#8220; text_align=&#8220;left&#8220; background_image_as_pattern=&#8220;without_pattern&#8220;][vc_column][\/vc_column][\/vc_row][vc_row row_type=&#8220;row&#8220; use_row_as_full_screen_section=&#8220;no&#8220; type=&#8220;full_width&#8220; angled_section=&#8220;no&#8220; text_align=&#8220;left&#8220; background_image_as_pattern=&#8220;without_pattern&#8220;][vc_column][\/vc_column][\/vc_row][vc_row row_type=&#8220;row&#8220; use_row_as_full_screen_section=&#8220;no&#8220; type=&#8220;full_width&#8220; angled_section=&#8220;no&#8220; text_align=&#8220;left&#8220; background_image_as_pattern=&#8220;without_pattern&#8220;][vc_column][\/vc_column][\/vc_row][vc_row row_type=&#8220;row&#8220; use_row_as_full_screen_section=&#8220;no&#8220; type=&#8220;full_width&#8220; angled_section=&#8220;no&#8220; text_align=&#8220;left&#8220; background_image_as_pattern=&#8220;without_pattern&#8220;][vc_column][\/vc_column][\/vc_row]<\/p>\n","protected":false},"excerpt":{"rendered":"<p>[vc_row row_type=&#8220;row&#8220; use_row_as_full_screen_section=&#8220;no&#8220; type=&#8220;grid&#8220; angled_section=&#8220;no&#8220; text_align=&#8220;left&#8220; background_image_as_pattern=&#8220;without_pattern&#8220; padding_top=&#8220;87&#8243; padding_bottom=&#8220;95&#8243; css=&#8220;.vc_custom_1693544892893{margin-right: 50px !important;margin-left: 50px !important;}&#8220;][vc_column width=&#8220;7\/12&#8243;][vc_empty_space height=&#8220;15px&#8220;][vc_empty_space height=&#8220;15px&#8220;][vc_row_inner row_type=&#8220;row&#8220; type=&#8220;full_width&#8220; text_align=&#8220;left&#8220; css_animation=&#8220;&#8220; css=&#8220;.vc_custom_1693544860150{margin-right: 50px !important;margin-left: 50px !important;}&#8220;][vc_column_inner][vc_column_text] Famili\u00e4rer, kinderfreundlicher Nordsee Urlaub in Wangerland [\/vc_column_text][vc_empty_space height=&#8220;15px&#8220;][vc_empty_space height=&#8220;15px&#8220;][vc_column_text] [dsgvo-youtube url=&#8220;https:\/\/youtu.be\/jjvTbxUzGV4&#8243; images=&#8220;http:\/\/nordseehof.de\/wp-content\/uploads\/2023\/01\/hof.jpg&#8220;][\/dsgvo-youtube] [\/vc_column_text][\/vc_column_inner][\/vc_row_inner][vc_empty_space height=&#8220;15px&#8220;][vc_empty_space height=&#8220;15px&#8220;][vc_column_text css=&#8220;.vc_custom_1693544907612{margin-right: 50px !important;margin-left: 50px&#8230;<\/p>\n","protected":false},"author":1,"featured_media":0,"parent":0,"menu_order":0,"comment_status":"open","ping_status":"open","template":"full_width.php","meta":{"footnotes":""},"class_list":["post-14304","page","type-page","status-publish","hentry"],"_links":{"self":[{"href":"https:\/\/nordseehof.de\/index.php?rest_route=\/wp\/v2\/pages\/14304","targetHints":{"allow":["GET"]}}],"collection":[{"href":"https:\/\/nordseehof.de\/index.php?rest_route=\/wp\/v2\/pages"}],"about":[{"href":"https:\/\/nordseehof.de\/index.php?rest_route=\/wp\/v2\/types\/page"}],"author":[{"embeddable":true,"href":"https:\/\/nordseehof.de\/index.php?rest_route=\/wp\/v2\/users\/1"}],"replies":[{"embeddable":true,"href":"https:\/\/nordseehof.de\/index.php?rest_route=%2Fwp%2Fv2%2Fcomments&post=14304"}],"version-history":[{"count":58,"href":"https:\/\/nordseehof.de\/index.php?rest_route=\/wp\/v2\/pages\/14304\/revisions"}],"predecessor-version":[{"id":36129,"href":"https:\/\/nordseehof.de\/index.php?rest_route=\/wp\/v2\/pages\/14304\/revisions\/36129"}],"wp:attachment":[{"href":"https:\/\/nordseehof.de\/index.php?rest_route=%2Fwp%2Fv2%2Fmedia&parent=14304"}],"curies":[{"name":"wp","href":"https:\/\/api.w.org\/{rel}","templated":true}]}}