{"id":14905,"date":"2015-03-09T13:21:08","date_gmt":"2015-03-09T11:21:08","guid":{"rendered":"http:\/\/nordseehof.de\/?page_id=14905"},"modified":"2018-03-16T12:47:32","modified_gmt":"2018-03-16T10:47:32","slug":"aktivitaeten","status":"publish","type":"page","link":"https:\/\/nordseehof.de\/?page_id=14905","title":{"rendered":"Aktivit\u00e4ten"},"content":{"rendered":"<p>[vc_row css_animation=&#8220;&#8220; row_type=&#8220;row&#8220; use_row_as_full_screen_section=&#8220;no&#8220; type=&#8220;full_width&#8220; angled_section=&#8220;no&#8220; text_align=&#8220;left&#8220; background_image_as_pattern=&#8220;without_pattern&#8220; css=&#8220;.vc_custom_1425931518387{background-color: #ffffff !important;}&#8220;][vc_column][vc_column_text]<\/p>\n<h2 style=\"text-align: center;\">Ausfl\u00fcge und Aktivit\u00e4ten bei uns im Wangerland<\/h2>\n<p>[\/vc_column_text][vc_column_text]<\/p>\n<p style=\"text-align: center;\">Bringen Sie Ihren Kindern die Natur, unsere Hoftiere und den Nationalpark Wattenmeer n\u00e4her. Was eignet sich da besser als unsere kleine Farm in Nordseen\u00e4he?<\/p>\n<p>[\/vc_column_text][\/vc_column][\/vc_row][vc_row css_animation=&#8220;&#8220; row_type=&#8220;row&#8220; use_row_as_full_screen_section=&#8220;no&#8220; type=&#8220;full_width&#8220; angled_section=&#8220;no&#8220; text_align=&#8220;left&#8220; background_image_as_pattern=&#8220;without_pattern&#8220;][vc_column][vc_empty_space height=&#8220;60px&#8220;][\/vc_column][\/vc_row][vc_row css_animation=&#8220;&#8220; row_type=&#8220;row&#8220; use_row_as_full_screen_section=&#8220;no&#8220; type=&#8220;full_width&#8220; angled_section=&#8220;no&#8220; text_align=&#8220;left&#8220; background_image_as_pattern=&#8220;without_pattern&#8220; background_color=&#8220;#ffffff&#8220;][vc_column][vc_column_text]<\/p>\n<h2 style=\"text-align: center;\">Hoftiere hautnah erleben<\/h2>\n<p>[\/vc_column_text]<div class=\"qode-crossfade-images\" >\n\t\t<div class=\"qode-cfi-img-holder\" \n\t\t\tstyle=\"\tmax-height:1267px;\n\t\t\t\t\tbackground-color: ;\n\t\t\t\">\n\t\t<div class=\"qode-cfi-img-holder-inner\">\n\t\t\t<img decoding=\"async\" src=\"https:\/\/nordseehof.de\/wp-content\/uploads\/2015\/03\/ponyreitenam240520142.jpg\" alt=\"initial image\" \/>\n\t\t\t<div class=\"qodef-cfi-image-hover qode-lazy-image\" data-image=\"https:\/\/nordseehof.de\/wp-content\/uploads\/2015\/03\/ponyreiten.jpg\" data-lazy='true'><\/div>\n\t\t<\/div>\n\t<\/div>\n\t<\/div>[\/vc_column][\/vc_row][vc_row css_animation=&#8220;&#8220; row_type=&#8220;row&#8220; use_row_as_full_screen_section=&#8220;no&#8220; type=&#8220;full_width&#8220; angled_section=&#8220;no&#8220; text_align=&#8220;left&#8220; background_image_as_pattern=&#8220;without_pattern&#8220;][vc_column][vc_column_text]<\/p>\n<p style=\"text-align: center;\">Bringen Sie Ihren Kindern die Natur und unsere Hoftiere n\u00e4her. Bei uns zu finden sind die Ponys Sunny und Donald, die Jack-Russell-Terrier Fine und Tochter Polly, sowie Katzen, Ziegen, und Meerschweinchen.<\/p>\n<p>[\/vc_column_text][\/vc_column][\/vc_row][vc_row css_animation=&#8220;&#8220; row_type=&#8220;row&#8220; use_row_as_full_screen_section=&#8220;no&#8220; type=&#8220;full_width&#8220; angled_section=&#8220;no&#8220; text_align=&#8220;left&#8220; background_image_as_pattern=&#8220;without_pattern&#8220;][vc_column][vc_column_text]<\/p>\n<p style=\"text-align: center;\">Wir bieten gef\u00fchrtes Ponyreiten f\u00fcr Kinder an. Termine jeweils nach Absprache. Wer kein Pferdefreund ist, kann sich auf dem Spielturm, beim spielen im Sand oder bei den Tretfahrzeugen vergn\u00fcgen. Au\u00dferdem bieten wir eine Spielscheune u.a. mit Tischkicker und Tischtennisplatte an.<\/p>\n<p>[\/vc_column_text][\/vc_column][\/vc_row][vc_row css_animation=&#8220;&#8220; row_type=&#8220;row&#8220; use_row_as_full_screen_section=&#8220;no&#8220; type=&#8220;full_width&#8220; angled_section=&#8220;no&#8220; text_align=&#8220;left&#8220; background_image_as_pattern=&#8220;without_pattern&#8220;][vc_column][vc_empty_space height=&#8220;60px&#8220;][\/vc_column][\/vc_row][vc_row css_animation=&#8220;&#8220; row_type=&#8220;row&#8220; use_row_as_full_screen_section=&#8220;no&#8220; type=&#8220;full_width&#8220; angled_section=&#8220;no&#8220; text_align=&#8220;left&#8220; background_image_as_pattern=&#8220;without_pattern&#8220;][vc_column][vc_column_text]<\/p>\n<h2 style=\"text-align: center;\">Strand und Watt<\/h2>\n<p>[\/vc_column_text][\/vc_column][\/vc_row][vc_row css_animation=&#8220;&#8220; row_type=&#8220;row&#8220; use_row_as_full_screen_section=&#8220;no&#8220; type=&#8220;full_width&#8220; angled_section=&#8220;no&#8220; text_align=&#8220;left&#8220; background_image_as_pattern=&#8220;without_pattern&#8220;][vc_column]<div class=\"qode-crossfade-images\" >\n\t\t<div class=\"qode-cfi-img-holder\" \n\t\t\tstyle=\"\tmax-height:354px;\n\t\t\t\t\tbackground-color: ;\n\t\t\t\">\n\t\t<div class=\"qode-cfi-img-holder-inner\">\n\t\t\t<img decoding=\"async\" src=\"https:\/\/nordseehof.de\/wp-content\/uploads\/2018\/03\/2.jpg\" alt=\"initial image\" \/>\n\t\t\t<div class=\"qodef-cfi-image-hover qode-lazy-image\" data-image=\"https:\/\/nordseehof.de\/wp-content\/uploads\/2018\/03\/DSC_7037.jpg\" data-lazy='true'><\/div>\n\t\t<\/div>\n\t<\/div>\n\t<\/div>[\/vc_column][\/vc_row][vc_row css_animation=&#8220;&#8220; row_type=&#8220;row&#8220; use_row_as_full_screen_section=&#8220;no&#8220; type=&#8220;full_width&#8220; angled_section=&#8220;no&#8220; text_align=&#8220;left&#8220; background_image_as_pattern=&#8220;without_pattern&#8220;][vc_column][vc_column_text]<\/p>\n<p style=\"text-align: center;\">Entschleunigen beim Strandspaziergang.<br \/>\nAuch empfehlenswert: Ein Spaziergang durch das nahegelegende Carolinensiel.<br \/>\nDort befinden sich gleich drei H\u00e4fen ( Museumshafen, Yachthafen, Wangerooge-Anleger ). Der Raddampfer Concordia, das Erlebnismuseum Ph\u00e4nomania, div. Spielpl\u00e4tze, schicke Restaurants, das Sielhafenmuseum und nat\u00fcrlich die Hafenatmosph\u00e4re runden das Angebot ab.<\/p>\n<p style=\"text-align: center;\"><strong>Familienwattwanderung &#8211; auch f\u00fcr Kinder<\/strong><br \/>\nBringen sie Ihren Kindern den Nationalpark Nieders\u00e4chsisches Wattenmeer bei einer Familienwattwanderung am Hooksieler Strand n\u00e4her. Die Hooksieler Wattdetektive sind dabei nur zu empfehlen.<\/p>\n<p>[\/vc_column_text][\/vc_column][\/vc_row][vc_row css_animation=&#8220;&#8220; row_type=&#8220;row&#8220; use_row_as_full_screen_section=&#8220;no&#8220; type=&#8220;full_width&#8220; angled_section=&#8220;no&#8220; text_align=&#8220;left&#8220; background_image_as_pattern=&#8220;without_pattern&#8220;][vc_column][vc_empty_space height=&#8220;60px&#8220;][\/vc_column][\/vc_row][vc_row css_animation=&#8220;&#8220; row_type=&#8220;row&#8220; use_row_as_full_screen_section=&#8220;no&#8220; type=&#8220;full_width&#8220; angled_section=&#8220;no&#8220; text_align=&#8220;left&#8220; background_image_as_pattern=&#8220;without_pattern&#8220; background_color=&#8220;#ffffff&#8220;][vc_column][vc_column_text]<\/p>\n<h2 style=\"text-align: center;\">Werden Sie sportlich aktiv<\/h2>\n<p>[\/vc_column_text]<div class=\"qode-crossfade-images\" >\n\t\t<div class=\"qode-cfi-img-holder\" \n\t\t\tstyle=\"\tmax-height:524px;\n\t\t\t\t\tbackground-color: ;\n\t\t\t\">\n\t\t<div class=\"qode-cfi-img-holder-inner\">\n\t\t\t<img decoding=\"async\" src=\"https:\/\/nordseehof.de\/wp-content\/uploads\/2015\/03\/DSC_3644.jpg\" alt=\"initial image\" \/>\n\t\t\t<div class=\"qodef-cfi-image-hover qode-lazy-image\" data-image=\"https:\/\/nordseehof.de\/wp-content\/uploads\/2015\/03\/DSC_7006.jpg\" data-lazy='true'><\/div>\n\t\t<\/div>\n\t<\/div>\n\t<\/div>[\/vc_column][\/vc_row][vc_row css_animation=&#8220;&#8220; row_type=&#8220;row&#8220; use_row_as_full_screen_section=&#8220;no&#8220; type=&#8220;full_width&#8220; angled_section=&#8220;no&#8220; text_align=&#8220;left&#8220; background_image_as_pattern=&#8220;without_pattern&#8220;][vc_column][vc_empty_space height=&#8220;60px&#8220;][\/vc_column][\/vc_row][vc_row css_animation=&#8220;&#8220; row_type=&#8220;row&#8220; use_row_as_full_screen_section=&#8220;no&#8220; type=&#8220;full_width&#8220; angled_section=&#8220;no&#8220; text_align=&#8220;left&#8220; background_image_as_pattern=&#8220;without_pattern&#8220; background_color=&#8220;#ffffff&#8220;][vc_column][vc_column_text]<\/p>\n<h2 style=\"text-align: center;\">Spielen<\/h2>\n<p>[\/vc_column_text][vc_column_text]<\/p>\n<p style=\"text-align: center;\">F\u00fcr die Kleinen gibt es einen Sandhaufen zum Buddeln und Tretfahrzeuge aller Art, die frei benutzt werden d\u00fcrfen. Dazu gibt es einen Spielplatz mit Rutsche, Wippe und Schaukel f\u00fcr Gro\u00df und Klein im Garten. Beim Airhockey kann man sich im Wettkampf messen und an der Maltafel der Kreativit\u00e4t freien lauf lassen.<\/p>\n<p>[\/vc_column_text]<div class=\"qode-crossfade-images\" >\n\t\t<div class=\"qode-cfi-img-holder\" \n\t\t\tstyle=\"\tmax-height:591px;\n\t\t\t\t\tbackground-color: ;\n\t\t\t\">\n\t\t<div class=\"qode-cfi-img-holder-inner\">\n\t\t\t<img decoding=\"async\" src=\"https:\/\/nordseehof.de\/wp-content\/uploads\/2015\/03\/014029.jpg\" alt=\"initial image\" \/>\n\t\t\t<div class=\"qodef-cfi-image-hover qode-lazy-image\" data-image=\"https:\/\/nordseehof.de\/wp-content\/uploads\/2015\/03\/023280.jpg\" data-lazy='true'><\/div>\n\t\t<\/div>\n\t<\/div>\n\t<\/div>[\/vc_column][\/vc_row][vc_row css_animation=&#8220;&#8220; row_type=&#8220;row&#8220; use_row_as_full_screen_section=&#8220;no&#8220; type=&#8220;full_width&#8220; angled_section=&#8220;no&#8220; text_align=&#8220;left&#8220; background_image_as_pattern=&#8220;without_pattern&#8220;][vc_column][vc_empty_space height=&#8220;60px&#8220;][\/vc_column][\/vc_row][vc_row css_animation=&#8220;&#8220; row_type=&#8220;row&#8220; use_row_as_full_screen_section=&#8220;no&#8220; type=&#8220;full_width&#8220; angled_section=&#8220;no&#8220; text_align=&#8220;left&#8220; background_image_as_pattern=&#8220;without_pattern&#8220; background_color=&#8220;#ffffff&#8220;][vc_column][vc_column_text]<\/p>\n<h2 style=\"text-align: center;\">Romantik und Feiern<\/h2>\n<p>[\/vc_column_text][vc_column_text]<\/p>\n<p style=\"text-align: center;\">Abends veranstalten wir Lagerfeuer mit Stockbrot oder Grillabende im Garten bei untergehender Sonne. Das &#8222;Hexenhaus&#8220; kann als Partyraum mit Bar und Musikanlage genutzt werden.<\/p>\n<p>[\/vc_column_text]<div class=\"qode-crossfade-images\" >\n\t\t<div class=\"qode-cfi-img-holder\" \n\t\t\tstyle=\"\tmax-height:525px;\n\t\t\t\t\tbackground-color: ;\n\t\t\t\">\n\t\t<div class=\"qode-cfi-img-holder-inner\">\n\t\t\t<img decoding=\"async\" src=\"https:\/\/nordseehof.de\/wp-content\/uploads\/2015\/03\/023390.jpg\" alt=\"initial image\" \/>\n\t\t\t<div class=\"qodef-cfi-image-hover qode-lazy-image\" data-image=\"https:\/\/nordseehof.de\/wp-content\/uploads\/2015\/03\/P1070930.jpg\" data-lazy='true'><\/div>\n\t\t<\/div>\n\t<\/div>\n\t<\/div>[\/vc_column][\/vc_row][vc_row css_animation=&#8220;&#8220; row_type=&#8220;row&#8220; use_row_as_full_screen_section=&#8220;no&#8220; type=&#8220;full_width&#8220; angled_section=&#8220;no&#8220; text_align=&#8220;left&#8220; background_image_as_pattern=&#8220;without_pattern&#8220;][vc_column][vc_empty_space height=&#8220;60px&#8220;][\/vc_column][\/vc_row][vc_row css_animation=&#8220;&#8220; row_type=&#8220;row&#8220; use_row_as_full_screen_section=&#8220;no&#8220; type=&#8220;full_width&#8220; angled_section=&#8220;no&#8220; text_align=&#8220;left&#8220; background_image_as_pattern=&#8220;without_pattern&#8220; background_color=&#8220;#ffffff&#8220;][vc_column][vc_column_text]<\/p>\n<h2 style=\"text-align: left;\">Umgebung erkunden<\/h2>\n<p>[\/vc_column_text][vc_column_text]<\/p>\n<p style=\"text-align: left;\">In der n\u00e4heren Umgebung finden Sie nat\u00fcrlich den <strong>Nordsee Strand<\/strong>, k\u00f6nnen <strong>Schiffsfahrten<\/strong> mit Ihren Kindern zu den\u00a0<strong>Seehundb\u00e4nken<\/strong> oder zu den <strong>Ostfriesischen Inseln\u00a0unternehmen<\/strong>. Angeln und Tretbootfahren ist eben so m\u00f6glich wie <strong>ausgedehnte Fahrradtouren<\/strong>. Dabei k\u00f6nnen Sie Fahrr\u00e4der ganz in der N\u00e4he leihen. Im Sommer k\u00f6nnen Sie sich an der <strong>Wasserski Anlage<\/strong> und <strong>in Indoorspielhallen<\/strong> sportlich austoben.<\/p>\n<p style=\"text-align: left;\">Und wenn das Wetter einmal nicht mitspielt gibt es noch ein\u00a0<strong>Meerwasser-Hallenbad<\/strong> bzw. Wellenbad. Einkaufsm\u00f6glichkeiten sind mit Supermarktketten wie Lidl und Aldi ganz in der N\u00e4he vorhanden. B\u00e4cker, Metzger, Friseur, Restaurants versorgen Sie bei Ihren restlichen Bed\u00fcrfnissen.<\/p>\n<p>[\/vc_column_text]<div class=\"qode-crossfade-images\" >\n\t\t<div class=\"qode-cfi-img-holder\" \n\t\t\tstyle=\"\tmax-height:768px;\n\t\t\t\t\tbackground-color: ;\n\t\t\t\">\n\t\t<div class=\"qode-cfi-img-holder-inner\">\n\t\t\t<img decoding=\"async\" src=\"https:\/\/nordseehof.de\/wp-content\/uploads\/2015\/03\/Nordseeimpression3.jpg\" alt=\"initial image\" \/>\n\t\t\t<div class=\"qodef-cfi-image-hover qode-lazy-image\" data-image=\"https:\/\/nordseehof.de\/wp-content\/uploads\/2013\/10\/schaf.jpg\" data-lazy='true'><\/div>\n\t\t<\/div>\n\t<\/div>\n\t<\/div>[\/vc_column][\/vc_row][vc_row css_animation=&#8220;&#8220; row_type=&#8220;row&#8220; use_row_as_full_screen_section=&#8220;no&#8220; type=&#8220;full_width&#8220; angled_section=&#8220;no&#8220; text_align=&#8220;left&#8220; background_image_as_pattern=&#8220;without_pattern&#8220; background_color=&#8220;#ffffff&#8220;][vc_column][vc_empty_space][\/vc_column][\/vc_row][vc_row css_animation=&#8220;&#8220; row_type=&#8220;row&#8220; use_row_as_full_screen_section=&#8220;no&#8220; type=&#8220;full_width&#8220; angled_section=&#8220;no&#8220; text_align=&#8220;left&#8220; background_image_as_pattern=&#8220;without_pattern&#8220;][vc_column][vc_empty_space height=&#8220;60px&#8220;][\/vc_column][\/vc_row]<\/p>\n","protected":false},"excerpt":{"rendered":"<p>[vc_row css_animation=&#8220;&#8220; row_type=&#8220;row&#8220; use_row_as_full_screen_section=&#8220;no&#8220; type=&#8220;full_width&#8220; angled_section=&#8220;no&#8220; text_align=&#8220;left&#8220; background_image_as_pattern=&#8220;without_pattern&#8220; css=&#8220;.vc_custom_1425931518387{background-color: #ffffff !important;}&#8220;][vc_column][vc_column_text] Ausfl\u00fcge und Aktivit\u00e4ten bei uns im Wangerland [\/vc_column_text][vc_column_text] Bringen Sie Ihren Kindern die Natur, unsere Hoftiere und den Nationalpark Wattenmeer n\u00e4her. Was eignet sich da besser als unsere kleine Farm in Nordseen\u00e4he? [\/vc_column_text][\/vc_column][\/vc_row][vc_row css_animation=&#8220;&#8220;&#8230;<\/p>\n","protected":false},"author":1,"featured_media":0,"parent":0,"menu_order":0,"comment_status":"open","ping_status":"open","template":"","meta":{"footnotes":""},"class_list":["post-14905","page","type-page","status-publish","hentry"],"_links":{"self":[{"href":"https:\/\/nordseehof.de\/index.php?rest_route=\/wp\/v2\/pages\/14905","targetHints":{"allow":["GET"]}}],"collection":[{"href":"https:\/\/nordseehof.de\/index.php?rest_route=\/wp\/v2\/pages"}],"about":[{"href":"https:\/\/nordseehof.de\/index.php?rest_route=\/wp\/v2\/types\/page"}],"author":[{"embeddable":true,"href":"https:\/\/nordseehof.de\/index.php?rest_route=\/wp\/v2\/users\/1"}],"replies":[{"embeddable":true,"href":"https:\/\/nordseehof.de\/index.php?rest_route=%2Fwp%2Fv2%2Fcomments&post=14905"}],"version-history":[{"count":45,"href":"https:\/\/nordseehof.de\/index.php?rest_route=\/wp\/v2\/pages\/14905\/revisions"}],"predecessor-version":[{"id":16597,"href":"https:\/\/nordseehof.de\/index.php?rest_route=\/wp\/v2\/pages\/14905\/revisions\/16597"}],"wp:attachment":[{"href":"https:\/\/nordseehof.de\/index.php?rest_route=%2Fwp%2Fv2%2Fmedia&parent=14905"}],"curies":[{"name":"wp","href":"https:\/\/api.w.org\/{rel}","templated":true}]}}