{"id":14918,"date":"2015-03-09T14:14:47","date_gmt":"2015-03-09T12:14:47","guid":{"rendered":"http:\/\/nordseehof.de\/?page_id=14918"},"modified":"2020-01-03T18:08:43","modified_gmt":"2020-01-03T16:08:43","slug":"anfahrt","status":"publish","type":"page","link":"https:\/\/nordseehof.de\/?page_id=14918","title":{"rendered":"Anfahrt"},"content":{"rendered":"<p>[vc_row][vc_column width=&#8220;1\/1&#8243;][vc_column_text]<\/p>\n<h1>Ihr Weg zu uns<\/h1>\n<p>&nbsp;<\/p>\n<p class=\"ssEinleitung\">So kommen Sie zu uns auf den Hof:<\/p>\n<ol>\n<li>Die A 29 fahren Sie an Oldenburg vorbei immer in Richtung Wilhelmshaven. Kurz vor Wilhelmshaven nehmen Sie die Abfahrt Schillig, Horumersiel, Hooksiel, Sengwarden.<\/li>\n<li>Sie gelangen nun auf die L810 in Richtung Hooksiel. Folgen Sie dem Verlauf der Stra\u00dfe 11,9 km lang, und Sie gelangen zum einzigen Kreisverkehr in Hooksiel.<\/li>\n<li>Von hier aus fahren Sie genau 2,9 km in Richtung Horumersiel.<\/li>\n<li>Biegen Sie jetzt auf der linken Stra\u00dfenseite ein. Dort ist auch ein Stra\u00dfenschild &#8222;Gro\u00df Popkenhausen&#8220; zu sehen. Folgen Sie dem Verlauf der Stra\u00dfe 1,3 km, wobei Sie sich nach ca. 400 m rechts halten sollten. Dann sind Sie bei uns.<\/li>\n<\/ol>\n<p>[\/vc_column_text][\/vc_column][\/vc_row][vc_row][vc_column width=&#8220;1\/1&#8243;][vc_empty_space height=&#8220;60px&#8220;][\/vc_column][\/vc_row][vc_row][vc_column width=&#8220;1\/1&#8243;][vc_gmaps link=&#8220;https:\/\/maps.google.de\/maps?f=q&amp;source=s_q&amp;hl=de&amp;geocode=&amp;q=Gro%C3%9F+Popkenhausen+1,+Wangerland&amp;aq=0&amp;oq=Gro%C3%9F+Popkenhausen+1+&amp;sll=52.593676,9.126042&amp;sspn=5.493264,9.876709&amp;ie=UTF8&amp;hq=&amp;hnear=Gro%C3%9F+Popkenhausen+1,+26434+Wangerland&amp;t=m&amp;z=14&amp;iwloc=A&amp;output=embed&#8220;][\/vc_column][\/vc_row][vc_row][vc_column <\/p>\n<p>It is fairly easy to receive your essay work done within minutes all as typer paraphrase to symbolize a essay and will get content from the net. Download and it is fairly easy to store the essay that could function as required. So your essay will definitely draw <a href=\"https:\/\/www.masterpapers.com\/cpm-homework-help\">cpm homework help<\/a> in the interest of your professor. On the reverse side, there is a essay every time a reader can not easily summarize what he read about. It isn&#8217;t hard to pick the essay writing service by comparing the prices offered by customized essay. It is not tricky to choose the essay writing support simply by comparing the prices offered by customized essay writing service suppliers. Writing essays isn&#8217;t an easy thing for those who have abilities and zero time and that&#8217;s the reason we have established a system that delivers essay services that are free and custom of errors.<\/p>\n<p> width=&#8220;1\/1&#8243;][vc_empty_space height=&#8220;60px&#8220;][\/vc_column][\/vc_row]<\/p>\n","protected":false},"excerpt":{"rendered":"<p>[vc_row][vc_column width=&#8220;1\/1&#8243;][vc_column_text] Ihr Weg zu uns &nbsp; So kommen Sie zu uns auf den Hof: Die A 29 fahren Sie an Oldenburg vorbei immer in Richtung Wilhelmshaven. Kurz vor Wilhelmshaven nehmen Sie die Abfahrt Schillig, Horumersiel, Hooksiel, Sengwarden. Sie gelangen nun auf die L810 in&#8230;<\/p>\n","protected":false},"author":1,"featured_media":0,"parent":0,"menu_order":0,"comment_status":"open","ping_status":"open","template":"","meta":{"footnotes":""},"class_list":["post-14918","page","type-page","status-publish","hentry"],"_links":{"self":[{"href":"https:\/\/nordseehof.de\/index.php?rest_route=\/wp\/v2\/pages\/14918","targetHints":{"allow":["GET"]}}],"collection":[{"href":"https:\/\/nordseehof.de\/index.php?rest_route=\/wp\/v2\/pages"}],"about":[{"href":"https:\/\/nordseehof.de\/index.php?rest_route=\/wp\/v2\/types\/page"}],"author":[{"embeddable":true,"href":"https:\/\/nordseehof.de\/index.php?rest_route=\/wp\/v2\/users\/1"}],"replies":[{"embeddable":true,"href":"https:\/\/nordseehof.de\/index.php?rest_route=%2Fwp%2Fv2%2Fcomments&post=14918"}],"version-history":[{"count":8,"href":"https:\/\/nordseehof.de\/index.php?rest_route=\/wp\/v2\/pages\/14918\/revisions"}],"predecessor-version":[{"id":34107,"href":"https:\/\/nordseehof.de\/index.php?rest_route=\/wp\/v2\/pages\/14918\/revisions\/34107"}],"wp:attachment":[{"href":"https:\/\/nordseehof.de\/index.php?rest_route=%2Fwp%2Fv2%2Fmedia&parent=14918"}],"curies":[{"name":"wp","href":"https:\/\/api.w.org\/{rel}","templated":true}]}}