{"id":17124,"date":"2018-05-24T13:31:16","date_gmt":"2018-05-24T11:31:16","guid":{"rendered":"http:\/\/nordseehof.de\/?page_id=17124"},"modified":"2018-05-24T13:39:51","modified_gmt":"2018-05-24T11:39:51","slug":"datenschutzerklaerung","status":"publish","type":"page","link":"https:\/\/nordseehof.de\/?page_id=17124","title":{"rendered":"Datenschutzerkl\u00e4rung"},"content":{"rendered":"<p>DATENSCHUTZHINWEISE<br \/>\n1. Name und Kontaktdaten des f\u00fcr die Verarbeitung Verantwortlichen<br \/>\nDiese Datenschutz-Information gilt f\u00fcr die Datenverarbeitung durch:<\/p>\n<p>Verantwortliche: Sabine Gerdes<br \/>\nGro\u00df Popkenhausen 1<br \/>\n26434 Wangerland \/ Hooksiel<br \/>\nEmail: nordseehof@t-online.de<br \/>\nTel.: +49 (0) 4425 1618<br \/>\nFax: +49 (0) 4425 990747<\/p>\n<p>2. Erhebung personenbezogener Daten beim Besuch unserer Webseite<br \/>\nBeim Aufrufen unserer Website www.nordseehof.de werden durch den auf Ihrem Endger\u00e4t zum Einsatz kommenden Browser automatisch Informationen an den Server unserer Website gesendet. Diese Informationen werden tempor\u00e4r in einem sog. Logfile gespeichert. Folgende Informationen werden dabei ohne Ihr Zutun erfasst und bis zur automatisierten L\u00f6schung gespeichert:<br \/>\n\u2022 IP-Adresse des anfragenden Rechners,<br \/>\n\u2022 Datum und Uhrzeit des Zugriffs,<br \/>\n\u2022 Name und URL der abgerufenen Datei,<br \/>\n\u2022 Website, von der aus der Zugriff erfolgt (Referrer-URL),<br \/>\n\u2022 verwendeter Browser und ggf. das Betriebssystem Ihres Rechners sowie der Name Ihres Access-Providers.<br \/>\nDie genannten Daten werden zu folgenden Zwecken verarbeitet:<br \/>\n\u2022 Gew\u00e4hrleistung eines reibungslosen Verbindungsaufbaus der Website,<br \/>\n\u2022 Gew\u00e4hrleistung einer komfortablen Nutzung unserer Website,<br \/>\n\u2022 Auswertung der Systemsicherheit und -stabilit\u00e4t sowie<br \/>\n\u2022 zu weiteren administrativen Zwecken.<br \/>\nDie Rechtsgrundlage f\u00fcr die Datenverarbeitung ist Art. 6 Abs. 1 S. 1 lit. f DSGVO. Unser berechtigtes Interesse folgt aus der technischen Erforderlichkeit f\u00fcr die Stabilit\u00e4t und Sicherheit zur Nutzung der Webseite. In keinem Fall werden die erhobenen Daten zu dem Zweck verwendet, R\u00fcckschl\u00fcsse auf Ihre Person zu ziehen.<br \/>\n3. Erhebung personenbezogener Daten bei Kontaktaufnahme per E-Mail<br \/>\nBei Ihrer Kontaktaufnahme mit uns per E-Mail werden die von Ihnen bereitgestellten Daten (z.B. Ihr Name, Adresse, Telefonnummer, E-Mail-Adresse) gespeichert, um Ihre Fragen zu beantworten. Die in diesem Zusammenhang anfallenden Daten l\u00f6schen wir, wenn die Speicherung nicht mehr erforderlich ist oder schr\u00e4nken die Verarbeitung ein, falls gesetzliche Aufbewahrungsfristen bestehen. Die Rechtsgrundlage f\u00fcr die Verarbeitung ergibt sich aus Art 6 Abs. 1 lit. b) DSGVO (Bearbeitung einer Anfrage und deren Abwicklung).<\/p>\n<p>4. Weitergabe von Daten<br \/>\nEine \u00dcbermittlung Ihrer pers\u00f6nlichen Daten an Dritte zu anderen als den im Folgenden aufgef\u00fchrten Zwecken findet nicht statt.<\/p>\n<p>Wir geben Ihre pers\u00f6nlichen Daten nur an Dritte weiter, wenn:<br \/>\n\u2022 Sie Ihre nach Art. 6 Abs. 1 S. 1 lit. a DSGVO ausdr\u00fcckliche Einwilligung dazu erteilt haben,<br \/>\n\u2022 die Weitergabe nach Art. 6 Abs. 1 S. 1 lit. f DSGVO zur Geltendmachung, Aus\u00fcbung oder Verteidigung von Rechtsanspr\u00fcchen erforderlich ist und kein Grund zur Annahme besteht, dass Sie ein \u00fcberwiegendes schutzw\u00fcrdiges Interesse an der Nichtweitergabe Ihrer Daten haben,<br \/>\n\u2022 f\u00fcr die Weitergabe nach Art. 6 Abs. 1 S. 1 lit. c DSGVO eine gesetzliche Verpflichtung besteht, sowie<br \/>\n\u2022 dies gesetzlich zul\u00e4ssig und nach Art. 6 Abs. 1 S. 1 lit. b DSGVO f\u00fcr die Abwicklung von Vertragsverh\u00e4ltnissen mit Ihnen erforderlich ist.<\/p>\n<p>5.Cookies<br \/>\nAuf unserer Webseite setzen wir keine Cookies ein.<\/p>\n<p>6. Analyse-Tools<br \/>\nWir halten uns an das Gebot der Datenminimierung und setzen keine Tracking-Tools zur Analyse des Nutzerverhaltens ein.<\/p>\n<p>7. Betroffenenrechte<br \/>\nSie haben das Recht:<br \/>\n\u2022 gem\u00e4\u00df Art. 15 DSGVO Auskunft \u00fcber Ihre von uns verarbeiteten personenbezogenen Daten zu verlangen. Insbesondere k\u00f6nnen Sie Auskunft \u00fcber die Verarbeitungszwecke, die Kategorie der personenbezogenen Daten, die Kategorien von Empf\u00e4ngern, gegen\u00fcber denen Ihre Daten offengelegt wurden oder werden, die geplante Speicherdauer, das Bestehen eines Rechts auf Berichtigung, L\u00f6schung, Einschr\u00e4nkung der Verarbeitung oder Widerspruch, das Bestehen eines Beschwerderechts, die Herkunft ihrer Daten, sofern diese nicht bei uns erhoben wurden, sowie \u00fcber das Bestehen einer automatisierten Entscheidungsfindung einschlie\u00dflich Profiling und ggf. aussagekr\u00e4ftigen Informationen zu deren Einzelheiten verlangen;<br \/>\n\u2022 gem\u00e4\u00df Art. 16 DSGVO unverz\u00fcglich die Berichtigung unrichtiger oder Vervollst\u00e4ndigung Ihrer bei uns gespeicherten personenbezogenen Daten zu verlangen;<br \/>\n\u2022 gem\u00e4\u00df Art. 17 DSGVO die L\u00f6schung Ihrer bei uns gespeicherten personenbezogenen Daten zu verlangen, soweit nicht die Verarbeitung zur Aus\u00fcbung des Rechts auf freie Meinungs\u00e4u\u00dferung und Information, zur Erf\u00fcllung einer rechtlichen Verpflichtung, aus Gr\u00fcnden des \u00f6ffentlichen Interesses oder zur Geltendmachung, Aus\u00fcbung oder Verteidigung von Rechtsanspr\u00fcchen erforderlich ist;<br \/>\n\u2022 gem\u00e4\u00df Art. 18 DSGVO die Einschr\u00e4nkung der Verarbeitung Ihrer personenbezogenen Daten zu verlangen, soweit die Richtigkeit der Daten von Ihnen bestritten wird, die Verarbeitung unrechtm\u00e4\u00dfig ist, Sie aber deren L\u00f6schung ablehnen und wir die Daten nicht mehr ben\u00f6tigen, Sie jedoch diese zur Geltendmachung, Aus\u00fcbung oder Verteidigung von Rechtsanspr\u00fcchen ben\u00f6tigen oder Sie gem\u00e4\u00df Art. 21 DSGVO Widerspruch gegen die Verarbeitung eingelegt haben;<br \/>\n\u2022 gem\u00e4\u00df Art. 20 DSGVO Ihre personenbezogenen Daten, die Sie uns bereitgestellt haben, in einem strukturierten, g\u00e4ngigen und maschinenlesbaren Format zu erhalten oder die \u00dcbermittlung an einen anderen Verantwortlichen zu verlangen;<br \/>\n\u2022 gem\u00e4\u00df Art. 7 Abs. 3 DSGVO Ihre einmal erteilte Einwilligung jederzeit gegen\u00fcber uns zu widerrufen. Dies hat zur Folge, dass wir die Datenverarbeitung, die auf dieser Einwilligung beruhte, f\u00fcr die Zukunft nicht mehr fortf\u00fchren d\u00fcrfen und<br \/>\n\u2022 gem\u00e4\u00df Art. 77 DSGVO sich bei einer Aufsichtsbeh\u00f6rde zu beschweren. In der Regel k\u00f6nnen Sie sich hierf\u00fcr an die Aufsichtsbeh\u00f6rde Ihres \u00fcblichen Aufenthaltsortes oder Arbeitsplatzes oder unseres Kanzleisitzes wenden.<\/p>\n<p>8. Widerspruchsrecht<br \/>\nSofern Ihre personenbezogenen Daten auf Grundlage von berechtigten Interessen gem\u00e4\u00df Art. 6 Abs. 1 S. 1 lit. f DSGVO verarbeitet werden, haben Sie das Recht, gem\u00e4\u00df Art. 21 DSGVO Widerspruch gegen die Verarbeitung Ihrer personenbezogenen Daten einzulegen, soweit daf\u00fcr Gr\u00fcnde vorliegen, die sich aus Ihrer besonderen Situation ergeben.<br \/>\nM\u00f6chten Sie von Ihrem Widerrufs- oder Widerspruchsrecht Gebrauch machen, gen\u00fcgt eine E-Mail an nordseehof@t-online.de<\/p>\n<p>9. Datensicherheit<br \/>\nWir bedienen uns geeigneter technischer und organisatorischer Sicherheitsma\u00dfnahmen, um Ihre Daten gegen zuf\u00e4llige oder vors\u00e4tzliche Manipulationen, teilweisen oder vollst\u00e4ndigen Verlust, Zerst\u00f6rung oder gegen den unbefugten Zugriff Dritter zu sch\u00fctzen. Unsere Sicherheitsma\u00dfnahmen werden entsprechend der technologischen Entwicklung fortlaufend verbessert.<\/p>\n<p>10. Aktualit\u00e4t und \u00c4nderung dieser Datenschutzerkl\u00e4rung<br \/>\nDiese Datenschutzerkl\u00e4rung ist aktuell g\u00fcltig und hat den Stand Mai 2018. Durch die Weiterentwicklung unserer Website und Angebote dar\u00fcber oder aufgrund ge\u00e4nderter gesetzlicher beziehungsweise beh\u00f6rdlicher Vorgaben kann es notwendig werden, diese Datenschutzerkl\u00e4rung zu \u00e4ndern. Die jeweils aktuelle Datenschutzerkl\u00e4rung kann jederzeit auf der Website unter www.nordseehof.de\/datenschutz von Ihnen abgerufen und ausgedruckt werden.<br \/>\n20.05.2018<\/p>\n","protected":false},"excerpt":{"rendered":"<p>DATENSCHUTZHINWEISE 1. Name und Kontaktdaten des f\u00fcr die Verarbeitung Verantwortlichen Diese Datenschutz-Information gilt f\u00fcr die Datenverarbeitung durch: Verantwortliche: Sabine Gerdes Gro\u00df Popkenhausen 1 26434 Wangerland \/ Hooksiel Email: nordseehof@t-online.de Tel.: +49 (0) 4425 1618 Fax: +49 (0) 4425 990747 2. Erhebung personenbezogener Daten beim Besuch&#8230;<\/p>\n","protected":false},"author":1,"featured_media":0,"parent":0,"menu_order":0,"comment_status":"closed","ping_status":"closed","template":"","meta":{"footnotes":""},"class_list":["post-17124","page","type-page","status-publish","hentry"],"_links":{"self":[{"href":"https:\/\/nordseehof.de\/index.php?rest_route=\/wp\/v2\/pages\/17124","targetHints":{"allow":["GET"]}}],"collection":[{"href":"https:\/\/nordseehof.de\/index.php?rest_route=\/wp\/v2\/pages"}],"about":[{"href":"https:\/\/nordseehof.de\/index.php?rest_route=\/wp\/v2\/types\/page"}],"author":[{"embeddable":true,"href":"https:\/\/nordseehof.de\/index.php?rest_route=\/wp\/v2\/users\/1"}],"replies":[{"embeddable":true,"href":"https:\/\/nordseehof.de\/index.php?rest_route=%2Fwp%2Fv2%2Fcomments&post=17124"}],"version-history":[{"count":3,"href":"https:\/\/nordseehof.de\/index.php?rest_route=\/wp\/v2\/pages\/17124\/revisions"}],"predecessor-version":[{"id":17127,"href":"https:\/\/nordseehof.de\/index.php?rest_route=\/wp\/v2\/pages\/17124\/revisions\/17127"}],"wp:attachment":[{"href":"https:\/\/nordseehof.de\/index.php?rest_route=%2Fwp%2Fv2%2Fmedia&parent=17124"}],"curies":[{"name":"wp","href":"https:\/\/api.w.org\/{rel}","templated":true}]}}